{"id":3,"date":"2023-11-21T01:02:53","date_gmt":"2023-11-21T01:02:53","guid":{"rendered":"https:\/\/ayselservicios.com.mx\/?page_id=3"},"modified":"2025-09-22T20:27:40","modified_gmt":"2025-09-22T20:27:40","slug":"privacy-policy","status":"publish","type":"page","link":"https:\/\/ayselservicios.com.mx\/index.php\/privacy-policy\/","title":{"rendered":"Aviso de Privacidad"},"content":{"rendered":"\n<h2 class=\"wp-block-heading\">Aviso de privacidad de AYSEL SERVICIOS (Aysel Servicios S.A.de C.V.), para el uso del sitio https:\/\/ayselservicios.com.mx\/<br><br>Conforme a la Ley Federal de Protecci\u00f3n de Datos Personales en Posesi\u00f3n de los Particulares, Aysel Servicios, le hace saber su pol\u00edtica de privacidad. Para mayor informaci\u00f3n, el usuario del sitio web podr\u00e1 contactar a Aysel Servicios a trav\u00e9s de su correo electr\u00f3nico: agarciab@ayselservicios.com.mx o por tel\u00e9fono: +52 5591541746 dentro de los siguientes horarios: Lunes a Viernes de 9am a 6pm.<br><br>Domicilio de AYSEL SERVICIOS: Estio 4, Colonia \u00c1ngel Zimbr\u00f3n, CDMX, 02099.<br><br>El uso de nuestro sitio www.ayselservicios.com.mx implica la aceptaci\u00f3n de nuestro aviso de privacidad. Es responsabilidad del usuario de AYSEL SERVICIOS la veracidad y actualizaci\u00f3n de los datos personales proporcionados. En todo momento se asume que la informaci\u00f3n ha sido proporcionada por su leg\u00edtimo propietario, mayor a 18 a\u00f1os.<br><br>La informaci\u00f3n personal que recopilamos nos ayuda a personalizar su experiencia de compra en www.ayselservicios.com.mx, y poder ofrecer recomendaciones de productos, servicios y promociones. El tipo de informaci\u00f3n que recabamos de nuestros clientes puede ser: nombre, apellido, direcci\u00f3n de facturaci\u00f3n, direcci\u00f3n de env\u00edo, RFC, tel\u00e9fono, correo electr\u00f3nico, m\u00e9todo de pago, preferencia de env\u00edo, entre otros. Estos datos son recopilados para poder dar seguimiento.<br>De manera autom\u00e1tica, tambi\u00e9n recopilamos otro tipo de datos a trav\u00e9s de \u201ccookies\u201d. Nos apegamos a los est\u00e1ndares de la industria del comercio electr\u00f3nico, y usamos las cookies para poder registrar sus visitas a nuestro sitio web, con el fin de personalizar su experiencia y poder ofrecerle mejores promociones. Usted puede eliminar las cookies o bloquear el uso de estas, mediante una configuraci\u00f3n especial en su explorador.<br>Es posible que recibamos informaci\u00f3n de terceros y la podamos a\u00f1adir a su cuenta con nosotros, con la finalidad de poder ofrecerle una experiencia de compra personalizada.<br><br>Usted en cualquier momento puede ejercer su derecho ARCO (acceso, rectificaci\u00f3n, oposici\u00f3n o cancelar) nuestro tratamiento de sus datos personales. Para hacerlo, tiene que enviar un correo a: agarciab@ayselservicios.com.mx<br><br>Si usted quisiera limitar el uso, revocar su consentimiento o expresar su negativa de tratamiento de sus datos personales, deber\u00e1 enviar un correo electr\u00f3nico a: agarciab@ayselservicios.com.mx expres\u00e1ndolo. Usted recibir\u00e1 un correo de recibido y confirmaci\u00f3n en un lapso no mayor a 7 d\u00edas h\u00e1biles.<br><br>La informaci\u00f3n recabada puede ser compartida con nuestros socios, proveedores de marketing y publicidad para ofrecer anuncios y promociones personalizadas, empresas proveedoras o afiliadas a nosotros para poder ofrecerle productos y servicios. Sus datos estar\u00e1n siempre protegidos por el aviso de privacidad pero en una transferencia de negocio donde AYSEL SERVICIOS sea adquirido por un tercero, la informaci\u00f3n relativa a los clientes podr\u00eda ser uno de los activos transferidos.<br><br>Recuerde que se encuentra en todo su derecho de acudir al Instituto Nacional de Transparencia, Acceso a la Informaci\u00f3n y Protecci\u00f3n de Datos Personales (INAI), si considera que sus derechos de protecci\u00f3n de datos personales han sido vulnerados. Cualquier modificaci\u00f3n al aviso de privacidad, ser\u00e1 comunicado en nuestro sitio web www.ayselservicios.com.mx.<br><\/h2>\n\n\n\n<h2 class=\"wp-block-heading\">Fecha de \u00faltima actualizaci\u00f3n: 10\/02\/2025<\/h2>\n","protected":false},"excerpt":{"rendered":"<p>Aviso de privacidad de AYSEL SERVICIOS (Aysel Servicios S.A.de C.V.), para el uso del sitio https:\/\/ayselservicios.com.mx\/ Conforme a la Ley Federal de Protecci\u00f3n de Datos Personales en Posesi\u00f3n de los Particulares, Aysel Servicios, le hace saber su pol\u00edtica de privacidad. Para mayor informaci\u00f3n, el usuario del sitio web podr\u00e1 contactar a Aysel Servicios a trav\u00e9s [&hellip;]<\/p>\n","protected":false},"author":1,"featured_media":0,"parent":0,"menu_order":0,"comment_status":"closed","ping_status":"closed","template":"","meta":{"footnotes":""},"class_list":["post-3","page","type-page","status-publish","hentry"],"_links":{"self":[{"href":"https:\/\/ayselservicios.com.mx\/index.php\/wp-json\/wp\/v2\/pages\/3","targetHints":{"allow":["GET"]}}],"collection":[{"href":"https:\/\/ayselservicios.com.mx\/index.php\/wp-json\/wp\/v2\/pages"}],"about":[{"href":"https:\/\/ayselservicios.com.mx\/index.php\/wp-json\/wp\/v2\/types\/page"}],"author":[{"embeddable":true,"href":"https:\/\/ayselservicios.com.mx\/index.php\/wp-json\/wp\/v2\/users\/1"}],"replies":[{"embeddable":true,"href":"https:\/\/ayselservicios.com.mx\/index.php\/wp-json\/wp\/v2\/comments?post=3"}],"version-history":[{"count":2,"href":"https:\/\/ayselservicios.com.mx\/index.php\/wp-json\/wp\/v2\/pages\/3\/revisions"}],"predecessor-version":[{"id":280,"href":"https:\/\/ayselservicios.com.mx\/index.php\/wp-json\/wp\/v2\/pages\/3\/revisions\/280"}],"wp:attachment":[{"href":"https:\/\/ayselservicios.com.mx\/index.php\/wp-json\/wp\/v2\/media?parent=3"}],"curies":[{"name":"wp","href":"https:\/\/api.w.org\/{rel}","templated":true}]}}